{"id":189,"date":"2025-06-02T14:32:08","date_gmt":"2025-06-02T14:32:08","guid":{"rendered":"https:\/\/noculture.org\/llc\/?page_id=189"},"modified":"2025-06-02T15:38:08","modified_gmt":"2025-06-02T15:38:08","slug":"media-and-press-engagement","status":"publish","type":"page","link":"https:\/\/noculture.org\/llc\/media-and-press-engagement\/","title":{"rendered":"Media and Press Engagement"},"content":{"rendered":"<p>Our global press and earned media work has resulted in <strong>Pulitzer Prize\u2013winning<\/strong> coverage, <strong>BAFTA-winning documentaries<\/strong>, and sustained relationships with the world\u2019s top-tier outlets. Our team has supported leaders and organizations through crises and milestones alike\u2014securing earned media on five continents through our global contacts. We help clients shape compelling narratives and get them into the hands of decision-makers and the public.<\/p>\n<p>We offer:<\/p>\n<ul>\n<li style=\"list-style-type: none;\">\n<ul>\n<li>Media outreach and earned coverage in global outlets<\/li>\n<li>Interview preparation and spokesperson briefings<\/li>\n<li>Media training and coaching<\/li>\n<li>Podcast and radio preparation<\/li>\n<\/ul>\n<\/li>\n<\/ul>\n<p><a href=\"https:\/\/noculture.org\/llc\/?page_id=187\" target=\"_blank\" rel=\"noopener noreferrer\">Explore our Crisis Communications services<\/a>.<\/p>\n<h3>The New York Times<\/h3>\n<ul>\n<li><a href=\"https:\/\/www.nytimes.com\/2018\/07\/16\/health\/trachoma-blindness-nepal.html\" target=\"_blank\" rel=\"noopener\">Now in Sight: Success Against an Infection That Blinds<\/a><\/li>\n<li><a href=\"https:\/\/www.nytimes.com\/2011\/12\/28\/world\/africa\/somalia-faces-alarming-rise-in-rapes-of-women-and-girls.html\" target=\"_blank\" rel=\"noopener\">For Somali Women, Pain of Being a Spoil of War &#8211; Pulitzer Prize Winner<\/a><\/li>\n<li><a href=\"https:\/\/www.nytimes.com\/2010\/06\/17\/world\/africa\/17somalia.html\" target=\"_blank\" rel=\"noopener\">U.N. Voices Concern on Child Soldiers in Somalia<\/a><\/li>\n<li><a href=\"https:\/\/www.nytimes.com\/2014\/03\/25\/health\/ebola-killing-scores-in-guinea-threatens-nearby-nations.html\" target=\"_blank\" rel=\"noopener\">Ebola, Killing Scores in Guinea, Threatens Nearby Nations<\/a><\/li>\n<li><a href=\"https:\/\/www.nytimes.com\/2024\/04\/18\/health\/hpv-vaccine-africa-merck.html\" target=\"_blank\" rel=\"noopener\">Millions of Girls in Africa Will Miss HPV Shots After Merck Production Problem<\/a><\/li>\n<li><a href=\"https:\/\/www.nytimes.com\/2010\/11\/12\/world\/africa\/12dadaab.html\" target=\"_blank\" rel=\"noopener\">Somalia\u2019s Wars Swell a Refugee Camp in Kenya<\/a><\/li>\n<\/ul>\n<h3>PBS Frontline<\/h3>\n<ul>\n<li><a href=\"https:\/\/www.pbs.org\/wgbh\/frontline\/documentary\/outbreak\/\" target=\"_blank\" rel=\"noopener\">Outbreak &#8211; BAFTA Award Winning Documentary<\/a><\/li>\n<\/ul>\n<h3>CNN<\/h3>\n<ul>\n<li><a href=\"https:\/\/www.cnn.com\/2012\/05\/14\/world\/africa\/uganda-lra-capture\/index.html\" target=\"_blank\" rel=\"noopener\">Uganda Displays Captive Kony Lieutenant<\/a><\/li>\n<li><a href=\"https:\/\/www.cnn.com\/2010\/CRIME\/08\/10\/guantanamo.youngest.detainee\/index.html\" target=\"_blank\" rel=\"noopener\">Gitmo Suspect Omar Khadr Faces Potential Jurors<\/a><\/li>\n<\/ul>\n<h3>The Guardian<\/h3>\n<ul>\n<li><a href=\"https:\/\/www.theguardian.com\/global-development\/2012\/mar\/20\/kony2012-funds-rehabilitating-child-soldiers\" target=\"_blank\" rel=\"noopener\">Kony2012 Funds Would Be Best Spent on Former Child Soldiers<\/a><\/li>\n<li><a href=\"https:\/\/www.theguardian.com\/society\/2016\/feb\/05\/research-finds-200m-victims-female-genital-mutilation-alive-today\" target=\"_blank\" rel=\"noopener\">FGM: 200 Million Victims Found to Be 70 Million Higher Than Thought<\/a><\/li>\n<li><a href=\"https:\/\/www.theguardian.com\/world\/2014\/oct\/28\/ebola-virus-guinea-first-victim-patient-zero\" target=\"_blank\" rel=\"noopener\">Finding Ebola&#8217;s &#8216;Patient Zero&#8217;<\/a><\/li>\n<li><a href=\"https:\/\/www.theguardian.com\/global-development\/2016\/aug\/12\/guinea-polio-outbreak-wider-challenge-africa-nigeria-cases\" target=\"_blank\" rel=\"noopener\">Guinea Eyes Official End of Polio Outbreak<\/a><\/li>\n<li><a href=\"https:\/\/www.theguardian.com\/global-development\/2016\/sep\/28\/healers-cure-mistrust-guinea-health-system-after-horrors-ebola\" target=\"_blank\" rel=\"noopener\">Healers Cure Mistrust in Guinea\u2019s Health System After Ebola<\/a><\/li>\n<\/ul>\n<h3>BBC<\/h3>\n<ul>\n<li><a href=\"https:\/\/www.bbc.com\/news\/world-13369029\" target=\"_blank\" rel=\"noopener\">UN Cites More Groups Using Child Soldiers<\/a><\/li>\n<li><a href=\"https:\/\/www.bbc.com\/news\/world-africa-29762263\" target=\"_blank\" rel=\"noopener\">Child Soldiers Still Being Recruited in South Sudan<\/a><\/li>\n<\/ul>\n<h3>VICE News<\/h3>\n<ul>\n<li><a href=\"https:\/\/www.vice.com\/en\/article\/watch-our-hbo-episode-about-the-evolution-of-the-recent-ebola-outbreak\/\" target=\"_blank\" rel=\"noopener\">VICE HBO Episode on the Evolution of the Ebola Outbreak<\/a><\/li>\n<li><a href=\"https:\/\/www.vice.com\/en\/article\/guinea-ramps-up-fight-against-ebola-as-outbreak-continues-to-burn\/\" target=\"_blank\" rel=\"noopener\">Guinea Ramps Up Fight Against Ebola<\/a><\/li>\n<li><a href=\"https:\/\/www.vice.com\/en\/article\/after-two-years-and-thousands-of-deaths-guinea-is-finally-ebola-free\/\" target=\"_blank\" rel=\"noopener\">Guinea Is Finally Ebola Free<\/a><\/li>\n<\/ul>\n<h3>El Mundo<\/h3>\n<ul>\n<li><a href=\"https:\/\/www.elmundo.es\/salud\/2016\/01\/14\/569680f9268e3ea52e8b4601.html\" target=\"_blank\" rel=\"noopener\">Bye Bye \u00c9bola<\/a><\/li>\n<li><a href=\"https:\/\/www.elmundo.es\/solidaridad\/2015\/03\/27\/5515422d268e3ecc038b457c.html\" target=\"_blank\" rel=\"noopener\">Ni\u00f1os Hu\u00e9rfanos por el \u00c9bola<\/a><\/li>\n<li><a href=\"https:\/\/www.elmundo.es\/salud\/2017\/01\/14\/5878abb4ca4741e6148b45c8.html\" target=\"_blank\" rel=\"noopener\">Un A\u00f1o Sin \u00c9bola<\/a><\/li>\n<\/ul>\n<h3>Additional Coverage<\/h3>\n<ul>\n<li><a href=\"https:\/\/www.washingtonpost.com\/news\/storyline\/wp\/2014\/09\/18\/ebola-a-guide-to-the-best-longreads\/\" target=\"_blank\" rel=\"noopener\">Ebola Longreads \u2013 Washington Post<\/a><\/li>\n<li><a href=\"https:\/\/www.lemonde.fr\/afrique\/article\/2016\/04\/18\/guinee-les-femmes-et-les-enfants-victimes-collaterales-d-ebola_4904198_3212.html\" target=\"_blank\" rel=\"noopener\">Le Monde \u2013 Women and Children, Collateral Victims of Ebola<\/a><\/li>\n<li><a href=\"https:\/\/www.nbcnews.com\/video\/seeking-justice-for-children-in-armed-conflict-44570691693\" target=\"_blank\" rel=\"noopener\">NBC \u2013 Seeking Justice for Children in Armed Conflict<\/a><\/li>\n<li><a href=\"https:\/\/www.reuters.com\/article\/world\/un-reports-on-ugandan-warlord-s-crimes-against-children-idUSDEE8550HP\/\" target=\"_blank\" rel=\"noopener\">Reuters \u2013 Ugandan Warlord\u2019s Crimes Against Children<\/a><\/li>\n<li><a href=\"https:\/\/www.newsweek.com\/ebola-kills-1427-who-266294\" target=\"_blank\" rel=\"noopener\">Newsweek \u2013 Ebola Kills 1,427: WHO<\/a><\/li>\n<li><a href=\"https:\/\/www.theglobeandmail.com\/news\/world\/world-insider\/political-interference-hinders-ebola-fight-in-guinea\/article26595460\/\" target=\"_blank\" rel=\"noopener\">Globe and Mail \u2013 Political Interference Hinders Ebola Fight<\/a><\/li>\n<li><a href=\"https:\/\/apnews.com\/article\/b06b52b7dcc745988262e8cd340596be\" target=\"_blank\" rel=\"noopener\">AP \u2013 Guinea Reports Only 1 Cholera Case Amid Ebola<\/a><\/li>\n<li><a href=\"https:\/\/www.tagesanzeiger.ch\/im-dorf-von-patient-null-797282811750\" target=\"_blank\" rel=\"noopener\">Tages-Anzeiger \u2013 Village of Patient Zero<\/a><\/li>\n<li><a href=\"https:\/\/www.stern.de\/familie\/kinder\/ebola-in-westafrika--kinder-leiden-unter-dem-virus-3842072.html\" target=\"_blank\" rel=\"noopener\">Der Stern \u2013 Children Suffering Under Ebola<\/a><\/li>\n<li><a href=\"https:\/\/elpais.com\/elpais\/2015\/09\/07\/planeta_futuro\/1441627248_531009.html\" target=\"_blank\" rel=\"noopener\">El Pa\u00eds \u2013 El \u00c9bola No Ha Terminado Todav\u00eda<\/a><\/li>\n<\/ul>\n","protected":false},"excerpt":{"rendered":"<p>Our global press and earned media work has resulted in Pulitzer Prize\u2013winning coverage, BAFTA-winning documentaries, and sustained relationships with the world\u2019s top-tier outlets. Our team has supported leaders and organizations through crises and milestones alike\u2014securing earned media on five continents through our global contacts. We help clients shape compelling narratives and get them into the &hellip; <\/p>\n<p class=\"link-more\"><a href=\"https:\/\/noculture.org\/llc\/media-and-press-engagement\/\" class=\"more-link\">Read more<span class=\"screen-reader-text\"> &#8220;Media and Press Engagement&#8221;<\/span><\/a><\/p>\n","protected":false},"author":1,"featured_media":0,"parent":0,"menu_order":0,"comment_status":"closed","ping_status":"closed","template":"","meta":{"footnotes":""},"class_list":["post-189","page","type-page","status-publish","hentry"],"jetpack_sharing_enabled":true,"_links":{"self":[{"href":"https:\/\/noculture.org\/llc\/wp-json\/wp\/v2\/pages\/189","targetHints":{"allow":["GET"]}}],"collection":[{"href":"https:\/\/noculture.org\/llc\/wp-json\/wp\/v2\/pages"}],"about":[{"href":"https:\/\/noculture.org\/llc\/wp-json\/wp\/v2\/types\/page"}],"author":[{"embeddable":true,"href":"https:\/\/noculture.org\/llc\/wp-json\/wp\/v2\/users\/1"}],"replies":[{"embeddable":true,"href":"https:\/\/noculture.org\/llc\/wp-json\/wp\/v2\/comments?post=189"}],"version-history":[{"count":2,"href":"https:\/\/noculture.org\/llc\/wp-json\/wp\/v2\/pages\/189\/revisions"}],"predecessor-version":[{"id":223,"href":"https:\/\/noculture.org\/llc\/wp-json\/wp\/v2\/pages\/189\/revisions\/223"}],"wp:attachment":[{"href":"https:\/\/noculture.org\/llc\/wp-json\/wp\/v2\/media?parent=189"}],"curies":[{"name":"wp","href":"https:\/\/api.w.org\/{rel}","templated":true}]}}